{"id":179,"date":"2017-04-06T04:05:22","date_gmt":"2017-04-06T04:05:22","guid":{"rendered":"https:\/\/activi-tclient.unittechnologies.com\/?page_id=179"},"modified":"2026-01-13T08:01:09","modified_gmt":"2026-01-13T13:01:09","slug":"activi-t","status":"publish","type":"page","link":"https:\/\/activi-tbiz.unittechnologies.com\/fr","title":{"rendered":"ACTIVI-T"},"content":{"rendered":"[vc_row type=\u00a0\u00bbin_container\u00a0\u00bb full_screen_row_position=\u00a0\u00bbmiddle\u00a0\u00bb scene_position=\u00a0\u00bbcenter\u00a0\u00bb text_color=\u00a0\u00bbdark\u00a0\u00bb text_align=\u00a0\u00bbleft\u00a0\u00bb overlay_strength=\u00a0\u00bb0.3&Prime;][vc_column column_padding=\u00a0\u00bbno-extra-padding\u00a0\u00bb column_padding_position=\u00a0\u00bball\u00a0\u00bb background_color_opacity=\u00a0\u00bb1&Prime; background_hover_color_opacity=\u00a0\u00bb1&Prime; column_shadow=\u00a0\u00bbnone\u00a0\u00bb width=\u00a0\u00bb1\/1&Prime; tablet_text_alignment=\u00a0\u00bbdefault\u00a0\u00bb phone_text_alignment=\u00a0\u00bbdefault\u00a0\u00bb column_border_width=\u00a0\u00bbnone\u00a0\u00bb column_border_style=\u00a0\u00bbsolid\u00a0\u00bb]<div style=\"height: 350px\" data-midnight=\"nectar-slider\" class=\"parallax_slider_outer \"><div style=\"height: 350px\"  data-transition=\"slide\" data-overall_style=\"classic\" data-flexible-height=\"\" data-animate-in-effect=\"none\" data-fullscreen=\"false\" data-button-sizing=\"regular\" data-button-styling=\"btn_with_count\" data-autorotate=\"\" data-parallax=\"true\" data-full-width=\"true\" class=\"nectar-slider-wrap \" id=\"ns-id-69e37697668c8\">\r\n\t\t\t<div style=\"height: 350px\" class=\"swiper-container\"  data-tho=\"auto\" data-tco=\"auto\" data-pho=\"auto\" data-pco=\"auto\" data-loop=\"false\" data-height=\"350\" data-min-height=\"\" data-arrows=\"false\" data-bullets=\"false\" data-bullet_style=\"see_through\" data-desktop-swipe=\"false\" data-settings=\"\">\r\n\t\t\t\t    <div class=\"swiper-wrapper\"><div class=\"swiper-slide\" data-bg-alignment=\"center\" data-color-scheme=\"light\" data-x-pos=\"centered\" data-y-pos=\"middle\"> \r\n\t\t\t\t\t\t\t\t<div class=\"image-bg\" style=\"background-image: url(https:\/\/activi-tbiz.unittechnologies.com\/wp-content\/uploads\/2017\/06\/DD17117_HeadBanner_V2.jpg);\"> &nbsp; <\/div><div class=\"video-texture active_texture\"> <span class=\"ie-fix\"><\/span> <\/div><\/div><!--\/swiper-slide--><\/div><div class=\"nectar-slider-loading \"> <span class=\"loading-icon spin\">   <\/span> <\/div> <\/div> \r\n\t\t\t\t\r\n\t\t\t<\/div><\/div>[\/vc_column][\/vc_row][vc_row type=\u00a0\u00bbin_container\u00a0\u00bb full_screen_row_position=\u00a0\u00bbmiddle\u00a0\u00bb scene_position=\u00a0\u00bbcenter\u00a0\u00bb text_color=\u00a0\u00bbdark\u00a0\u00bb text_align=\u00a0\u00bbleft\u00a0\u00bb overlay_strength=\u00a0\u00bb0.3&Prime;][vc_column column_padding=\u00a0\u00bbno-extra-padding\u00a0\u00bb column_padding_position=\u00a0\u00bball\u00a0\u00bb background_color_opacity=\u00a0\u00bb1&Prime; background_hover_color_opacity=\u00a0\u00bb1&Prime; column_shadow=\u00a0\u00bbnone\u00a0\u00bb width=\u00a0\u00bb1\/1&Prime; tablet_text_alignment=\u00a0\u00bbdefault\u00a0\u00bb phone_text_alignment=\u00a0\u00bbdefault\u00a0\u00bb column_border_width=\u00a0\u00bbnone\u00a0\u00bb column_border_style=\u00a0\u00bbsolid\u00a0\u00bb]<div class=\"divider-wrap\"><div style=\"height: 10px;\" class=\"divider\"><\/div><\/div>[\/vc_column][\/vc_row][vc_row type=\u00a0\u00bbin_container\u00a0\u00bb full_screen_row_position=\u00a0\u00bbmiddle\u00a0\u00bb scene_position=\u00a0\u00bbcenter\u00a0\u00bb text_color=\u00a0\u00bbdark\u00a0\u00bb text_align=\u00a0\u00bbleft\u00a0\u00bb overlay_strength=\u00a0\u00bb0.3&Prime;][vc_column column_padding=\u00a0\u00bbno-extra-padding\u00a0\u00bb column_padding_position=\u00a0\u00bball\u00a0\u00bb background_color_opacity=\u00a0\u00bb1&Prime; background_hover_color_opacity=\u00a0\u00bb1&Prime; column_shadow=\u00a0\u00bbnone\u00a0\u00bb width=\u00a0\u00bb1\/1&Prime; tablet_text_alignment=\u00a0\u00bbdefault\u00a0\u00bb phone_text_alignment=\u00a0\u00bbdefault\u00a0\u00bb column_border_width=\u00a0\u00bbnone\u00a0\u00bb column_border_style=\u00a0\u00bbsolid\u00a0\u00bb][vc_column_text]\n<h1 style=\"text-align: left;\"><span style=\"color: #7092be;\">ACTIVI-T BIZ, gestion d&rsquo;affaires et facturation<\/span><\/h1>\n[\/vc_column_text]<div class=\"divider-wrap\"><div style=\"height: 20px;\" class=\"divider\"><\/div><\/div>[vc_column_text]\n<ul>\n<li>Gestion des bons de travail avec saisie de temps et mat\u00e9riaux<\/li>\n<li>Gestion des soumissions et des commandes clients avec saisie de temps et mat\u00e9riaux<\/li>\n<li>Lien en temps r\u00e9el avec l\u2019inventaire du logiciel de comptabilit\u00e9<\/li>\n<li>Int\u00e9gration des r\u00e8gles de prix et de taxation telles que d\u00e9finies dans le logiciel de comptabilit\u00e9 pour les produits et clients.<\/li>\n<li>Facturation des bons de travail et des commandes avec transfert au logiciel de comptabilit\u00e9.<\/li>\n<\/ul>\n[\/vc_column_text][\/vc_column][\/vc_row][vc_row type=\u00a0\u00bbin_container\u00a0\u00bb full_screen_row_position=\u00a0\u00bbmiddle\u00a0\u00bb scene_position=\u00a0\u00bbcenter\u00a0\u00bb text_color=\u00a0\u00bbdark\u00a0\u00bb text_align=\u00a0\u00bbleft\u00a0\u00bb overlay_strength=\u00a0\u00bb0.3&Prime;][vc_column column_padding=\u00a0\u00bbno-extra-padding\u00a0\u00bb column_padding_position=\u00a0\u00bball\u00a0\u00bb background_color_opacity=\u00a0\u00bb1&Prime; background_hover_color_opacity=\u00a0\u00bb1&Prime; column_shadow=\u00a0\u00bbnone\u00a0\u00bb width=\u00a0\u00bb1\/1&Prime; tablet_text_alignment=\u00a0\u00bbdefault\u00a0\u00bb phone_text_alignment=\u00a0\u00bbdefault\u00a0\u00bb column_border_width=\u00a0\u00bbnone\u00a0\u00bb column_border_style=\u00a0\u00bbsolid\u00a0\u00bb][vc_column_text]\n<h1 style=\"text-align: left;\"><span style=\"color: #7092be;\">ACTIVI-T BIZ, gestion de la relation client\u00e8le<\/span><\/h1>\n[\/vc_column_text]<div class=\"divider-wrap\"><div style=\"height: 20px;\" class=\"divider\"><\/div><\/div>[vc_column_text]\n<ul>\n<li>Gestion des informations relatives aux clients<\/li>\n<li>Champs d\u2019information personnalisables selon vos besoins<\/li>\n<li>Gestion des dates de rappels par clients et employ\u00e9s<\/li>\n<li>Gestion des notes \u00e9volutives par clients<\/li>\n<li>Gestion de multiples contacts par clients<\/li>\n<li>Outils de recherches de vos clients tr\u00e8s \u00e9volu\u00e9s, + 40 champs de recherche disponibles<\/li>\n<li>Recherche selon les achats de vos clients et chiffre d\u2019affaires (seulement avec Avantage)<\/li>\n<li>Recherche, visualisation et impression des factures des clients<\/li>\n<li>Gestion des documents \u00e9lectroniques relatifs \u00e0 vos clients<\/li>\n<li>Cr\u00e9ation de lettres personnalis\u00e9es et publipostages par fusion de documents MS Word<\/li>\n<\/ul>\n[\/vc_column_text][\/vc_column][\/vc_row][vc_row type=\u00a0\u00bbin_container\u00a0\u00bb full_screen_row_position=\u00a0\u00bbmiddle\u00a0\u00bb scene_position=\u00a0\u00bbcenter\u00a0\u00bb text_color=\u00a0\u00bbdark\u00a0\u00bb text_align=\u00a0\u00bbleft\u00a0\u00bb overlay_strength=\u00a0\u00bb0.3&Prime;][vc_column column_padding=\u00a0\u00bbno-extra-padding\u00a0\u00bb column_padding_position=\u00a0\u00bball\u00a0\u00bb background_color_opacity=\u00a0\u00bb1&Prime; background_hover_color_opacity=\u00a0\u00bb1&Prime; column_shadow=\u00a0\u00bbnone\u00a0\u00bb width=\u00a0\u00bb1\/1&Prime; tablet_text_alignment=\u00a0\u00bbdefault\u00a0\u00bb phone_text_alignment=\u00a0\u00bbdefault\u00a0\u00bb column_border_width=\u00a0\u00bbnone\u00a0\u00bb column_border_style=\u00a0\u00bbsolid\u00a0\u00bb][vc_column_text]\n<h1 style=\"text-align: left;\"><span style=\"color: #7092be;\">De plus<\/span><\/h1>\n[\/vc_column_text]<div class=\"divider-wrap\"><div style=\"height: 20px;\" class=\"divider\"><\/div><\/div>[vc_column_text]\n<ul>\n<li>ACTIVI-T BIZ vous offre un module complet pour la gestion des agendas, des rendez-vous et des r\u00e9servations (salles de conf\u00e9rence ou autres \u00e9quipements).<\/li>\n<li>ACTIVI-T BIZ dispose d\u2019une gestion de s\u00e9curit\u00e9 d\u2019acc\u00e8s par groupes d\u2019utilisateurs<\/li>\n<li>ACTIVI-T BIZ peut s\u2019int\u00e9grer aux logiciels comptables AVANTAGE et ACOMBA<\/li>\n<\/ul>\n[\/vc_column_text][\/vc_column][\/vc_row][vc_row type=\u00a0\u00bbin_container\u00a0\u00bb full_screen_row_position=\u00a0\u00bbmiddle\u00a0\u00bb scene_position=\u00a0\u00bbcenter\u00a0\u00bb text_color=\u00a0\u00bbdark\u00a0\u00bb text_align=\u00a0\u00bbleft\u00a0\u00bb overlay_strength=\u00a0\u00bb0.3&Prime;][vc_column column_padding=\u00a0\u00bbno-extra-padding\u00a0\u00bb column_padding_position=\u00a0\u00bball\u00a0\u00bb background_color_opacity=\u00a0\u00bb1&Prime; background_hover_color_opacity=\u00a0\u00bb1&Prime; column_shadow=\u00a0\u00bbnone\u00a0\u00bb width=\u00a0\u00bb1\/1&Prime; tablet_text_alignment=\u00a0\u00bbdefault\u00a0\u00bb phone_text_alignment=\u00a0\u00bbdefault\u00a0\u00bb column_border_width=\u00a0\u00bbnone\u00a0\u00bb column_border_style=\u00a0\u00bbsolid\u00a0\u00bb]<div class=\"divider-wrap\"><div style=\"height: 10px;\" class=\"divider\"><\/div><\/div>[\/vc_column][\/vc_row][vc_row type=\u00a0\u00bbfull_width_background\u00a0\u00bb full_screen_row_position=\u00a0\u00bbmiddle\u00a0\u00bb bg_image=\u00a0\u00bb27&Prime; bg_position=\u00a0\u00bbcenter center\u00a0\u00bb bg_repeat=\u00a0\u00bbno-repeat\u00a0\u00bb parallax_bg=\u00a0\u00bbtrue\u00a0\u00bb parallax_bg_speed=\u00a0\u00bbmedium\u00a0\u00bb scene_position=\u00a0\u00bbcenter\u00a0\u00bb text_color=\u00a0\u00bblight\u00a0\u00bb text_align=\u00a0\u00bbleft\u00a0\u00bb top_padding=\u00a0\u00bb60&Prime; bottom_padding=\u00a0\u00bb60&Prime; overlay_strength=\u00a0\u00bb0.3&Prime;][vc_column column_padding=\u00a0\u00bbno-extra-padding\u00a0\u00bb column_padding_position=\u00a0\u00bball\u00a0\u00bb background_color_opacity=\u00a0\u00bb1&Prime; background_hover_color_opacity=\u00a0\u00bb1&Prime; column_shadow=\u00a0\u00bbnone\u00a0\u00bb width=\u00a0\u00bb1\/1&Prime; tablet_text_alignment=\u00a0\u00bbdefault\u00a0\u00bb phone_text_alignment=\u00a0\u00bbdefault\u00a0\u00bb column_border_width=\u00a0\u00bbnone\u00a0\u00bb column_border_style=\u00a0\u00bbsolid\u00a0\u00bb][vc_column_text]\n<h1>T\u00c9MOIGNAGES<\/h1>\n[\/vc_column_text][\/vc_column][\/vc_row][vc_row type=\u00a0\u00bbin_container\u00a0\u00bb full_screen_row_position=\u00a0\u00bbmiddle\u00a0\u00bb scene_position=\u00a0\u00bbcenter\u00a0\u00bb text_color=\u00a0\u00bbdark\u00a0\u00bb text_align=\u00a0\u00bbleft\u00a0\u00bb overlay_strength=\u00a0\u00bb0.3&Prime;][vc_column column_padding=\u00a0\u00bbno-extra-padding\u00a0\u00bb column_padding_position=\u00a0\u00bball\u00a0\u00bb background_color_opacity=\u00a0\u00bb1&Prime; background_hover_color_opacity=\u00a0\u00bb1&Prime; column_shadow=\u00a0\u00bbnone\u00a0\u00bb width=\u00a0\u00bb1\/1&Prime; tablet_text_alignment=\u00a0\u00bbdefault\u00a0\u00bb phone_text_alignment=\u00a0\u00bbdefault\u00a0\u00bb column_border_width=\u00a0\u00bbnone\u00a0\u00bb column_border_style=\u00a0\u00bbsolid\u00a0\u00bb]<div class=\"divider-wrap\"><div style=\"height: 10px;\" class=\"divider\"><\/div><\/div>[\/vc_column][\/vc_row][vc_row type=\u00a0\u00bbin_container\u00a0\u00bb full_screen_row_position=\u00a0\u00bbmiddle\u00a0\u00bb scene_position=\u00a0\u00bbcenter\u00a0\u00bb text_color=\u00a0\u00bbdark\u00a0\u00bb text_align=\u00a0\u00bbleft\u00a0\u00bb overlay_strength=\u00a0\u00bb0.3&Prime;][vc_column column_padding=\u00a0\u00bbno-extra-padding\u00a0\u00bb column_padding_position=\u00a0\u00bball\u00a0\u00bb background_color_opacity=\u00a0\u00bb1&Prime; background_hover_color_opacity=\u00a0\u00bb1&Prime; column_shadow=\u00a0\u00bbnone\u00a0\u00bb width=\u00a0\u00bb1\/1&Prime; tablet_text_alignment=\u00a0\u00bbdefault\u00a0\u00bb phone_text_alignment=\u00a0\u00bbdefault\u00a0\u00bb column_border_width=\u00a0\u00bbnone\u00a0\u00bb column_border_style=\u00a0\u00bbsolid\u00a0\u00bb]<div class=\"img-with-aniamtion-wrap \" data-max-width=\"100%\"><div class=\"inner\"><a href=\"https:\/\/op-medic.com\/\" target=\"_blank\" class=\"\"><img loading=\"lazy\" decoding=\"async\" data-shadow=\"none\" data-shadow-direction=\"middle\" class=\"img-with-animation \" data-delay=\"100\" height=\"103\" width=\"277\" data-animation=\"fade-in-from-left\" src=\"https:\/\/activi-tbiz.unittechnologies.com\/wp-content\/uploads\/2026\/01\/OPMedic_Ortheses-Protheses.png\" srcset=\"\" alt=\"\" \/><\/a><\/div><\/div><div class=\"divider-wrap\"><div style=\"height: 10px;\" class=\"divider\"><\/div><\/div>[vc_column_text]\n<p class=\"xmsonormal\"><span lang=\"FR-CA\">L\u2019int\u00e9gration entre Activi-T Biz et ACOMBA simplifie notre gestion \u00e0 tous les niveaux. Que ce soit\u00a0 pour les informations concernant nos clients, le suivi des commandes ou la facturation le tout se transfert directement \u00e0 ACOMBA sans effort. De plus, gr\u00e2ce \u00e0 ce logiciel nous avons maintenant la possibilit\u00e9 de g\u00e9rer les rendez-vous de notre \u00e9quipe et de notre client\u00e8le.<\/span><\/p>\n<p class=\"xmsonormal\"><span lang=\"FR-CA\">La firme UNI-T Technologies est une d\u00e9veloppeur de logiciel tr\u00e8s professionnel et r\u00e9pond parfaitement \u00e0 nos besoins. Proactif dans les \u00e9volutions techniques et toujours disponible pour faire avancer nos projets. Une collaboration pr\u00e9cieuse et efficace. Merci Activi-T Biz !<\/span><\/p>\n[\/vc_column_text][\/vc_column][\/vc_row][vc_row type=\u00a0\u00bbin_container\u00a0\u00bb full_screen_row_position=\u00a0\u00bbmiddle\u00a0\u00bb scene_position=\u00a0\u00bbcenter\u00a0\u00bb text_color=\u00a0\u00bbdark\u00a0\u00bb text_align=\u00a0\u00bbleft\u00a0\u00bb overlay_strength=\u00a0\u00bb0.3&Prime;][vc_column column_padding=\u00a0\u00bbno-extra-padding\u00a0\u00bb column_padding_position=\u00a0\u00bball\u00a0\u00bb background_color_opacity=\u00a0\u00bb1&Prime; background_hover_color_opacity=\u00a0\u00bb1&Prime; column_shadow=\u00a0\u00bbnone\u00a0\u00bb width=\u00a0\u00bb1\/1&Prime; tablet_text_alignment=\u00a0\u00bbdefault\u00a0\u00bb phone_text_alignment=\u00a0\u00bbdefault\u00a0\u00bb column_border_width=\u00a0\u00bbnone\u00a0\u00bb column_border_style=\u00a0\u00bbsolid\u00a0\u00bb]<div class=\"divider-wrap\"><div style=\"height: 10px;\" class=\"divider\"><\/div><\/div>[\/vc_column][\/vc_row][vc_row type=\u00a0\u00bbin_container\u00a0\u00bb full_screen_row_position=\u00a0\u00bbmiddle\u00a0\u00bb scene_position=\u00a0\u00bbcenter\u00a0\u00bb text_color=\u00a0\u00bbdark\u00a0\u00bb text_align=\u00a0\u00bbleft\u00a0\u00bb overlay_strength=\u00a0\u00bb0.3&Prime;][vc_column column_padding=\u00a0\u00bbno-extra-padding\u00a0\u00bb column_padding_position=\u00a0\u00bball\u00a0\u00bb background_color_opacity=\u00a0\u00bb1&Prime; background_hover_color_opacity=\u00a0\u00bb1&Prime; column_shadow=\u00a0\u00bbnone\u00a0\u00bb width=\u00a0\u00bb1\/1&Prime; tablet_text_alignment=\u00a0\u00bbdefault\u00a0\u00bb phone_text_alignment=\u00a0\u00bbdefault\u00a0\u00bb column_border_width=\u00a0\u00bbnone\u00a0\u00bb column_border_style=\u00a0\u00bbsolid\u00a0\u00bb]<div class=\"img-with-aniamtion-wrap \" data-max-width=\"100%\"><div class=\"inner\"><a href=\"https:\/\/www.infomontreal.ca\/\" target=\"_blank\" class=\"\"><img loading=\"lazy\" decoding=\"async\" data-shadow=\"none\" data-shadow-direction=\"middle\" class=\"img-with-animation \" data-delay=\"100\" height=\"83\" width=\"400\" data-animation=\"fade-in-from-left\" src=\"https:\/\/activi-tbiz.unittechnologies.com\/wp-content\/uploads\/2026\/01\/InfoMTLLogo.png\" srcset=\"https:\/\/activi-tbiz.unittechnologies.com\/wp-content\/uploads\/2026\/01\/InfoMTLLogo.png 400w, https:\/\/activi-tbiz.unittechnologies.com\/wp-content\/uploads\/2026\/01\/InfoMTLLogo-300x62.png 300w\" alt=\"Logo InfoMontr\u00e9al\" \/><\/a><\/div><\/div><div class=\"divider-wrap\"><div style=\"height: 10px;\" class=\"divider\"><\/div><\/div>[vc_column_text]\n<p class=\"xmsonormal\">Chez InfoMontr\u00e9al, le logiciel ACTIVI-T BIZ d&rsquo;UNI-T Technologies r\u00e9volutionne compl\u00e8tement notre gestion quotidienne, tout est vraiment bien con\u00e7u et fonctionne \u00e0 merveille. Il excelle dans la gestion des commandes et de la facturation de nos clients, nous permettant de gagner \u00e9norm\u00e9ment de temps gr\u00e2ce \u00e0 ses automatisations fluides et son interface intuitive. ACTIVI-T s&rsquo;int\u00e8gre parfaitement avec Acomba, ces deux outils vont de pair sans le moindre accroc : les commandes et bons de travail se transf\u00e8rent directement en factures, \u00e9liminant toute double saisie et assurant une coh\u00e9rence parfaite des donn\u00e9es comptables. Nos employ\u00e9s passent bien moins de temps \u00e0 r\u00e9diger des probl\u00e9matiques sur papier, car ACTIVI-T centralise tout en un seul endroit ; temps, d\u00e9penses, projets et budgets, boostant ainsi notre productivit\u00e9 globale et nous laissant plus de focus sur le support IT pour nos clients.<\/p>\n[\/vc_column_text][\/vc_column][\/vc_row][vc_row type=\u00a0\u00bbin_container\u00a0\u00bb full_screen_row_position=\u00a0\u00bbmiddle\u00a0\u00bb scene_position=\u00a0\u00bbcenter\u00a0\u00bb text_color=\u00a0\u00bbdark\u00a0\u00bb text_align=\u00a0\u00bbleft\u00a0\u00bb overlay_strength=\u00a0\u00bb0.3&Prime;][vc_column column_padding=\u00a0\u00bbno-extra-padding\u00a0\u00bb column_padding_position=\u00a0\u00bball\u00a0\u00bb background_color_opacity=\u00a0\u00bb1&Prime; background_hover_color_opacity=\u00a0\u00bb1&Prime; column_shadow=\u00a0\u00bbnone\u00a0\u00bb width=\u00a0\u00bb1\/1&Prime; tablet_text_alignment=\u00a0\u00bbdefault\u00a0\u00bb phone_text_alignment=\u00a0\u00bbdefault\u00a0\u00bb column_border_width=\u00a0\u00bbnone\u00a0\u00bb column_border_style=\u00a0\u00bbsolid\u00a0\u00bb]<div class=\"divider-wrap\"><div style=\"height: 10px;\" class=\"divider\"><\/div><\/div>[\/vc_column][\/vc_row]\n","protected":false},"excerpt":{"rendered":"<p>[vc_row type=\u00a0\u00bbin_container\u00a0\u00bb full_screen_row_position=\u00a0\u00bbmiddle\u00a0\u00bb scene_position=\u00a0\u00bbcenter\u00a0\u00bb text_color=\u00a0\u00bbdark\u00a0\u00bb text_align=\u00a0\u00bbleft\u00a0\u00bb overlay_strength=\u00a0\u00bb0.3&Prime;][vc_column column_padding=\u00a0\u00bbno-extra-padding\u00a0\u00bb column_padding_position=\u00a0\u00bball\u00a0\u00bb background_color_opacity=\u00a0\u00bb1&Prime; background_hover_color_opacity=\u00a0\u00bb1&Prime; column_shadow=\u00a0\u00bbnone\u00a0\u00bb width=\u00a0\u00bb1\/1&Prime; tablet_text_alignment=\u00a0\u00bbdefault\u00a0\u00bb phone_text_alignment=\u00a0\u00bbdefault\u00a0\u00bb column_border_width=\u00a0\u00bbnone\u00a0\u00bb column_border_style=\u00a0\u00bbsolid\u00a0\u00bb][\/vc_column][\/vc_row][vc_row type=\u00a0\u00bbin_container\u00a0\u00bb full_screen_row_position=\u00a0\u00bbmiddle\u00a0\u00bb scene_position=\u00a0\u00bbcenter\u00a0\u00bb text_color=\u00a0\u00bbdark\u00a0\u00bb text_align=\u00a0\u00bbleft\u00a0\u00bb overlay_strength=\u00a0\u00bb0.3&Prime;][vc_column column_padding=\u00a0\u00bbno-extra-padding\u00a0\u00bb column_padding_position=\u00a0\u00bball\u00a0\u00bb background_color_opacity=\u00a0\u00bb1&Prime; background_hover_color_opacity=\u00a0\u00bb1&Prime; column_shadow=\u00a0\u00bbnone\u00a0\u00bb width=\u00a0\u00bb1\/1&Prime; tablet_text_alignment=\u00a0\u00bbdefault\u00a0\u00bb&#8230;<\/p>\n","protected":false},"author":1,"featured_media":0,"parent":0,"menu_order":0,"comment_status":"closed","ping_status":"closed","template":"","meta":{"footnotes":""},"class_list":["post-179","page","type-page","status-publish","hentry"],"yoast_head":"<!-- This site is optimized with the Yoast SEO plugin v26.7 - https:\/\/yoast.com\/wordpress\/plugins\/seo\/ -->\n<title>ACTIVI-T | ACTIVI-T BIZ<\/title>\n<meta name=\"description\" content=\"ACTIVI-T Client est le logiciel de gestion de la relation client\u00e8le id\u00e9al pour le suivi de vos clients et dossiers.\" \/>\n<meta name=\"robots\" content=\"index, follow, max-snippet:-1, max-image-preview:large, max-video-preview:-1\" \/>\n<link rel=\"canonical\" href=\"https:\/\/activi-tbiz.unittechnologies.com\/fr\" \/>\n<meta property=\"og:locale\" content=\"fr_FR\" \/>\n<meta property=\"og:type\" content=\"article\" \/>\n<meta property=\"og:title\" content=\"ACTIVI-T | ACTIVI-T BIZ\" \/>\n<meta property=\"og:description\" content=\"ACTIVI-T Client est le logiciel de gestion de la relation client\u00e8le id\u00e9al pour le suivi de vos clients et dossiers.\" \/>\n<meta property=\"og:url\" content=\"https:\/\/activi-tbiz.unittechnologies.com\/fr\" \/>\n<meta property=\"og:site_name\" content=\"ACTIVI-T BIZ\" \/>\n<meta property=\"article:modified_time\" content=\"2026-01-13T13:01:09+00:00\" \/>\n<meta name=\"twitter:card\" content=\"summary_large_image\" \/>\n<meta name=\"twitter:label1\" content=\"Dur\u00e9e de lecture estim\u00e9e\" \/>\n\t<meta name=\"twitter:data1\" content=\"4 minutes\" \/>\n<script type=\"application\/ld+json\" class=\"yoast-schema-graph\">{\"@context\":\"https:\/\/schema.org\",\"@graph\":[{\"@type\":\"WebPage\",\"@id\":\"https:\/\/activi-tbiz.unittechnologies.com\/fr\",\"url\":\"https:\/\/activi-tbiz.unittechnologies.com\/fr\",\"name\":\"ACTIVI-T | ACTIVI-T BIZ\",\"isPartOf\":{\"@id\":\"https:\/\/activi-tbiz.unittechnologies.com\/#website\"},\"datePublished\":\"2017-04-06T04:05:22+00:00\",\"dateModified\":\"2026-01-13T13:01:09+00:00\",\"description\":\"ACTIVI-T Client est le logiciel de gestion de la relation client\u00e8le id\u00e9al pour le suivi de vos clients et dossiers.\",\"breadcrumb\":{\"@id\":\"https:\/\/activi-tbiz.unittechnologies.com\/fr#breadcrumb\"},\"inLanguage\":\"fr-FR\",\"potentialAction\":[{\"@type\":\"ReadAction\",\"target\":[\"https:\/\/activi-tbiz.unittechnologies.com\/fr\"]}]},{\"@type\":\"BreadcrumbList\",\"@id\":\"https:\/\/activi-tbiz.unittechnologies.com\/fr#breadcrumb\",\"itemListElement\":[{\"@type\":\"ListItem\",\"position\":1,\"name\":\"Accueil\",\"item\":\"https:\/\/activi-tbiz.unittechnologies.com\/fr\"},{\"@type\":\"ListItem\",\"position\":2,\"name\":\"ACTIVI-T\"}]},{\"@type\":\"WebSite\",\"@id\":\"https:\/\/activi-tbiz.unittechnologies.com\/#website\",\"url\":\"https:\/\/activi-tbiz.unittechnologies.com\/\",\"name\":\"ACTIVI-T BIZ\",\"description\":\"\",\"publisher\":{\"@id\":\"https:\/\/activi-tbiz.unittechnologies.com\/#organization\"},\"potentialAction\":[{\"@type\":\"SearchAction\",\"target\":{\"@type\":\"EntryPoint\",\"urlTemplate\":\"https:\/\/activi-tbiz.unittechnologies.com\/?s={search_term_string}\"},\"query-input\":{\"@type\":\"PropertyValueSpecification\",\"valueRequired\":true,\"valueName\":\"search_term_string\"}}],\"inLanguage\":\"fr-FR\"},{\"@type\":\"Organization\",\"@id\":\"https:\/\/activi-tbiz.unittechnologies.com\/#organization\",\"name\":\"ACTIVI-T BIZ\",\"url\":\"https:\/\/activi-tbiz.unittechnologies.com\/\",\"logo\":{\"@type\":\"ImageObject\",\"inLanguage\":\"fr-FR\",\"@id\":\"https:\/\/activi-tbiz.unittechnologies.com\/#\/schema\/logo\/image\/\",\"url\":\"https:\/\/activi-tbiz.unittechnologies.com\/wp-content\/uploads\/2025\/10\/LogoBIZ-2.bmp\",\"contentUrl\":\"https:\/\/activi-tbiz.unittechnologies.com\/wp-content\/uploads\/2025\/10\/LogoBIZ-2.bmp\",\"width\":431,\"height\":70,\"caption\":\"ACTIVI-T BIZ\"},\"image\":{\"@id\":\"https:\/\/activi-tbiz.unittechnologies.com\/#\/schema\/logo\/image\/\"}}]}<\/script>\n<!-- \/ Yoast SEO plugin. -->","yoast_head_json":{"title":"ACTIVI-T | ACTIVI-T BIZ","description":"ACTIVI-T Client est le logiciel de gestion de la relation client\u00e8le id\u00e9al pour le suivi de vos clients et dossiers.","robots":{"index":"index","follow":"follow","max-snippet":"max-snippet:-1","max-image-preview":"max-image-preview:large","max-video-preview":"max-video-preview:-1"},"canonical":"https:\/\/activi-tbiz.unittechnologies.com\/fr","og_locale":"fr_FR","og_type":"article","og_title":"ACTIVI-T | ACTIVI-T BIZ","og_description":"ACTIVI-T Client est le logiciel de gestion de la relation client\u00e8le id\u00e9al pour le suivi de vos clients et dossiers.","og_url":"https:\/\/activi-tbiz.unittechnologies.com\/fr","og_site_name":"ACTIVI-T BIZ","article_modified_time":"2026-01-13T13:01:09+00:00","twitter_card":"summary_large_image","twitter_misc":{"Dur\u00e9e de lecture estim\u00e9e":"4 minutes"},"schema":{"@context":"https:\/\/schema.org","@graph":[{"@type":"WebPage","@id":"https:\/\/activi-tbiz.unittechnologies.com\/fr","url":"https:\/\/activi-tbiz.unittechnologies.com\/fr","name":"ACTIVI-T | ACTIVI-T BIZ","isPartOf":{"@id":"https:\/\/activi-tbiz.unittechnologies.com\/#website"},"datePublished":"2017-04-06T04:05:22+00:00","dateModified":"2026-01-13T13:01:09+00:00","description":"ACTIVI-T Client est le logiciel de gestion de la relation client\u00e8le id\u00e9al pour le suivi de vos clients et dossiers.","breadcrumb":{"@id":"https:\/\/activi-tbiz.unittechnologies.com\/fr#breadcrumb"},"inLanguage":"fr-FR","potentialAction":[{"@type":"ReadAction","target":["https:\/\/activi-tbiz.unittechnologies.com\/fr"]}]},{"@type":"BreadcrumbList","@id":"https:\/\/activi-tbiz.unittechnologies.com\/fr#breadcrumb","itemListElement":[{"@type":"ListItem","position":1,"name":"Accueil","item":"https:\/\/activi-tbiz.unittechnologies.com\/fr"},{"@type":"ListItem","position":2,"name":"ACTIVI-T"}]},{"@type":"WebSite","@id":"https:\/\/activi-tbiz.unittechnologies.com\/#website","url":"https:\/\/activi-tbiz.unittechnologies.com\/","name":"ACTIVI-T BIZ","description":"","publisher":{"@id":"https:\/\/activi-tbiz.unittechnologies.com\/#organization"},"potentialAction":[{"@type":"SearchAction","target":{"@type":"EntryPoint","urlTemplate":"https:\/\/activi-tbiz.unittechnologies.com\/?s={search_term_string}"},"query-input":{"@type":"PropertyValueSpecification","valueRequired":true,"valueName":"search_term_string"}}],"inLanguage":"fr-FR"},{"@type":"Organization","@id":"https:\/\/activi-tbiz.unittechnologies.com\/#organization","name":"ACTIVI-T BIZ","url":"https:\/\/activi-tbiz.unittechnologies.com\/","logo":{"@type":"ImageObject","inLanguage":"fr-FR","@id":"https:\/\/activi-tbiz.unittechnologies.com\/#\/schema\/logo\/image\/","url":"https:\/\/activi-tbiz.unittechnologies.com\/wp-content\/uploads\/2025\/10\/LogoBIZ-2.bmp","contentUrl":"https:\/\/activi-tbiz.unittechnologies.com\/wp-content\/uploads\/2025\/10\/LogoBIZ-2.bmp","width":431,"height":70,"caption":"ACTIVI-T BIZ"},"image":{"@id":"https:\/\/activi-tbiz.unittechnologies.com\/#\/schema\/logo\/image\/"}}]}},"_links":{"self":[{"href":"https:\/\/activi-tbiz.unittechnologies.com\/fr\/wp-json\/wp\/v2\/pages\/179","targetHints":{"allow":["GET"]}}],"collection":[{"href":"https:\/\/activi-tbiz.unittechnologies.com\/fr\/wp-json\/wp\/v2\/pages"}],"about":[{"href":"https:\/\/activi-tbiz.unittechnologies.com\/fr\/wp-json\/wp\/v2\/types\/page"}],"author":[{"embeddable":true,"href":"https:\/\/activi-tbiz.unittechnologies.com\/fr\/wp-json\/wp\/v2\/users\/1"}],"replies":[{"embeddable":true,"href":"https:\/\/activi-tbiz.unittechnologies.com\/fr\/wp-json\/wp\/v2\/comments?post=179"}],"version-history":[{"count":28,"href":"https:\/\/activi-tbiz.unittechnologies.com\/fr\/wp-json\/wp\/v2\/pages\/179\/revisions"}],"predecessor-version":[{"id":754,"href":"https:\/\/activi-tbiz.unittechnologies.com\/fr\/wp-json\/wp\/v2\/pages\/179\/revisions\/754"}],"wp:attachment":[{"href":"https:\/\/activi-tbiz.unittechnologies.com\/fr\/wp-json\/wp\/v2\/media?parent=179"}],"curies":[{"name":"wp","href":"https:\/\/api.w.org\/{rel}","templated":true}]}}