{"id":192,"date":"2017-04-06T14:26:00","date_gmt":"2017-04-06T14:26:00","guid":{"rendered":"https:\/\/activi-tclient.unittechnologies.com\/?page_id=192"},"modified":"2025-11-04T13:48:09","modified_gmt":"2025-11-04T18:48:09","slug":"caracteristiques","status":"publish","type":"page","link":"https:\/\/activi-tbiz.unittechnologies.com\/fr\/caracteristiques","title":{"rendered":"CARACT\u00c9RISTIQUES"},"content":{"rendered":"[vc_row type=\u00a0\u00bbin_container\u00a0\u00bb full_screen_row_position=\u00a0\u00bbmiddle\u00a0\u00bb scene_position=\u00a0\u00bbcenter\u00a0\u00bb text_color=\u00a0\u00bbdark\u00a0\u00bb text_align=\u00a0\u00bbleft\u00a0\u00bb overlay_strength=\u00a0\u00bb0.3&Prime;][vc_column column_padding=\u00a0\u00bbno-extra-padding\u00a0\u00bb column_padding_position=\u00a0\u00bball\u00a0\u00bb background_color_opacity=\u00a0\u00bb1&Prime; background_hover_color_opacity=\u00a0\u00bb1&Prime; column_shadow=\u00a0\u00bbnone\u00a0\u00bb width=\u00a0\u00bb1\/1&Prime; tablet_text_alignment=\u00a0\u00bbdefault\u00a0\u00bb phone_text_alignment=\u00a0\u00bbdefault\u00a0\u00bb column_border_width=\u00a0\u00bbnone\u00a0\u00bb column_border_style=\u00a0\u00bbsolid\u00a0\u00bb]<div style=\"height: 350px\" data-midnight=\"nectar-slider\" class=\"parallax_slider_outer \"><div style=\"height: 350px\"  data-transition=\"slide\" data-overall_style=\"classic\" data-flexible-height=\"\" data-animate-in-effect=\"none\" data-fullscreen=\"false\" data-button-sizing=\"regular\" data-button-styling=\"btn_with_count\" data-autorotate=\"\" data-parallax=\"true\" data-full-width=\"true\" class=\"nectar-slider-wrap \" id=\"ns-id-69e38c7c97af6\">\r\n\t\t\t<div style=\"height: 350px\" class=\"swiper-container\"  data-tho=\"auto\" data-tco=\"auto\" data-pho=\"auto\" data-pco=\"auto\" data-loop=\"false\" data-height=\"350\" data-min-height=\"\" data-arrows=\"false\" data-bullets=\"false\" data-bullet_style=\"see_through\" data-desktop-swipe=\"false\" data-settings=\"\">\r\n\t\t\t\t    <div class=\"swiper-wrapper\"><div class=\"swiper-slide\" data-bg-alignment=\"center\" data-color-scheme=\"light\" data-x-pos=\"centered\" data-y-pos=\"middle\"> \r\n\t\t\t\t\t\t\t\t<div class=\"image-bg\" style=\"background-image: url(https:\/\/activi-tbiz.unittechnologies.com\/wp-content\/uploads\/2017\/06\/DD17117_HeadBanner_V2.jpg);\"> &nbsp; <\/div><div class=\"video-texture active_texture\"> <span class=\"ie-fix\"><\/span> <\/div><\/div><!--\/swiper-slide--><\/div><div class=\"nectar-slider-loading \"> <span class=\"loading-icon spin\">   <\/span> <\/div> <\/div> \r\n\t\t\t\t\r\n\t\t\t<\/div><\/div>[\/vc_column][\/vc_row][vc_row type=\u00a0\u00bbin_container\u00a0\u00bb full_screen_row_position=\u00a0\u00bbmiddle\u00a0\u00bb scene_position=\u00a0\u00bbcenter\u00a0\u00bb text_color=\u00a0\u00bbdark\u00a0\u00bb text_align=\u00a0\u00bbleft\u00a0\u00bb overlay_strength=\u00a0\u00bb0.3&Prime;][vc_column column_padding=\u00a0\u00bbno-extra-padding\u00a0\u00bb column_padding_position=\u00a0\u00bball\u00a0\u00bb background_color_opacity=\u00a0\u00bb1&Prime; background_hover_color_opacity=\u00a0\u00bb1&Prime; column_shadow=\u00a0\u00bbnone\u00a0\u00bb width=\u00a0\u00bb1\/1&Prime; tablet_text_alignment=\u00a0\u00bbdefault\u00a0\u00bb phone_text_alignment=\u00a0\u00bbdefault\u00a0\u00bb column_border_width=\u00a0\u00bbnone\u00a0\u00bb column_border_style=\u00a0\u00bbsolid\u00a0\u00bb]<div class=\"divider-wrap\"><div style=\"height: 10px;\" class=\"divider\"><\/div><\/div>[\/vc_column][\/vc_row][vc_row type=\u00a0\u00bbin_container\u00a0\u00bb full_screen_row_position=\u00a0\u00bbmiddle\u00a0\u00bb scene_position=\u00a0\u00bbcenter\u00a0\u00bb text_color=\u00a0\u00bbdark\u00a0\u00bb text_align=\u00a0\u00bbleft\u00a0\u00bb overlay_strength=\u00a0\u00bb0.3&Prime;][vc_column column_padding=\u00a0\u00bbno-extra-padding\u00a0\u00bb column_padding_position=\u00a0\u00bball\u00a0\u00bb background_color_opacity=\u00a0\u00bb1&Prime; background_hover_color_opacity=\u00a0\u00bb1&Prime; column_shadow=\u00a0\u00bbnone\u00a0\u00bb width=\u00a0\u00bb1\/1&Prime; tablet_text_alignment=\u00a0\u00bbdefault\u00a0\u00bb phone_text_alignment=\u00a0\u00bbdefault\u00a0\u00bb column_border_width=\u00a0\u00bbnone\u00a0\u00bb column_border_style=\u00a0\u00bbsolid\u00a0\u00bb][vc_column_text]\n<h1 style=\"text-align: left;\"><span style=\"color: #7092be;\">Particularit\u00e9s du logiciel ACTIVI-T BIZ<\/span><\/h1>\n[\/vc_column_text]<div class=\"divider-wrap\"><div style=\"height: 20px;\" class=\"divider\"><\/div><\/div>[vc_column_text]ACTIVI-T BIZ est le logiciel de gestion des activit\u00e9s commerciales id\u00e9al pour le suivi de vos affaires et de vos clients. ACTIVI-T BIZ poss\u00e8de une int\u00e9gration compl\u00e8te avec les logiciels AVANTAGE et ACOMBA.<\/p>\n<p>Les multiples fonctions d\u2019ACTIVI-T BIZ vous assureront une gestion simplifi\u00e9e et optimale des bons de travail, des soumissions, des commandes et de la facturation.<\/p>\n<p>ACTIVI-T BIZ poss\u00e8de aussi toutes les fonctionnalit\u00e9s de gestion de la relation client\u00e8le pour le suivi de vos clients et des activit\u00e9s en lien avec votre \u00e9quipes (rendez-vous, suivi, r\u00e9servation&#8230;).<\/p>\n<p>Gr\u00e2ce \u00e0 son module de Gestion documentaire, ACTIVI-T BIZ vous permet de regrouper et d\u2019acc\u00e9der aux documents \u00e9lectroniques en relation avec vos Clients, et ce, en toute simplicit\u00e9. Son int\u00e9gration avec MS WORD et MS Outlook, fait d\u2019ACTIVI-T BIZ un outil formidable pour la publication de lettres personnalis\u00e9es et la production de publipostages (courriel ou papier).<\/p>\n<p>Les liens ci-dessous vous pr\u00e9sentent de fa\u00e7on tr\u00e8s sommaire certaines des fonctionnalit\u00e9s du logiciel ACTIVI-T BIZ.<\/p>\n<p>Exemples d\u2019\u00e9crans:<\/p>\n<ul>\n<li><a href=\"https:\/\/activi-tbiz.unittechnologies.com\/fr\/gestion-des-soumissions-commandes-et-facturation\">Gestion des Soumissions-Commandes et facturation<\/a><\/li>\n<li><a href=\"https:\/\/activi-tbiz.unittechnologies.com\/fr\/gestion-des-bons-de-travail-et-facturation\">Gestion des Bons de travail et facturation<\/a><\/li>\n<li><a href=\"https:\/\/activi-tbiz.unittechnologies.com\/fr\/gestion-des-clients\">Gestion des clients<\/a><\/li>\n<li><a href=\"https:\/\/activi-tbiz.unittechnologies.com\/fr\/gestion-de-champs-dinformations-personnalisables-client\">Gestion de champs d\u2019informations personnalisables (client)<\/a><\/li>\n<li><a href=\"https:\/\/activi-tbiz.unittechnologies.com\/fr\/gestion-des-multiples-contacts-client\">Gestion des multiples contacts (client)<\/a><\/li>\n<li><a href=\"https:\/\/activi-tbiz.unittechnologies.com\/fr\/gestion-des-notes-evolutives-client\">Gestion des notes \u00e9volutives (client)<\/a><\/li>\n<li><a href=\"https:\/\/activi-tbiz.unittechnologies.com\/fr\/gestion-et-rappel-des-echeances-client\">Gestion et rappel des \u00e9ch\u00e9ances (client)<\/a><\/li>\n<li><a href=\"https:\/\/activi-tbiz.unittechnologies.com\/fr\/module-de-recherche-et-filtre-de-clients\">Module de recherche et filtre de clients. Incluant la recherche par ventes et chiffre d\u2019affaires (avec Avantage)<\/a><\/li>\n<li><a href=\"https:\/\/activi-tbiz.unittechnologies.com\/fr\/agenda-multiple-usagers-collaboratif-gestion-des-rendez-vous-clientele-et-des-reservations\">Agenda collaboratif (multiple usagers), gestion des rendez-vous\/clients et gestion des r\u00e9servations (salles de conf\u00e9rence ou autres \u00e9quipements)<\/a><\/li>\n<li><a href=\"https:\/\/activi-tbiz.unittechnologies.com\/fr\/gestion-de-documents-electroniques\">Gestion de documents \u00e9lectroniques<\/a><\/li>\n<\/ul>\n[\/vc_column_text][\/vc_column][\/vc_row][vc_row type=\u00a0\u00bbin_container\u00a0\u00bb full_screen_row_position=\u00a0\u00bbmiddle\u00a0\u00bb scene_position=\u00a0\u00bbcenter\u00a0\u00bb text_color=\u00a0\u00bbdark\u00a0\u00bb text_align=\u00a0\u00bbleft\u00a0\u00bb overlay_strength=\u00a0\u00bb0.3&Prime;][vc_column column_padding=\u00a0\u00bbno-extra-padding\u00a0\u00bb column_padding_position=\u00a0\u00bball\u00a0\u00bb background_color_opacity=\u00a0\u00bb1&Prime; background_hover_color_opacity=\u00a0\u00bb1&Prime; column_shadow=\u00a0\u00bbnone\u00a0\u00bb width=\u00a0\u00bb1\/1&Prime; tablet_text_alignment=\u00a0\u00bbdefault\u00a0\u00bb phone_text_alignment=\u00a0\u00bbdefault\u00a0\u00bb column_border_width=\u00a0\u00bbnone\u00a0\u00bb column_border_style=\u00a0\u00bbsolid\u00a0\u00bb][vc_column_text]\n<h1 style=\"text-align: left;\"><span style=\"color: #7092be;\">Et beaucoup plus&#8230;<\/span><\/h1>\n[\/vc_column_text]<div class=\"divider-wrap\"><div style=\"height: 20px;\" class=\"divider\"><\/div><\/div>[vc_column_text]Pour plus d&rsquo;informations ou pour une pr\u00e9sentation de notre solution; <a href=\"https:\/\/activi-tbiz.unittechnologies.com\/fr\/contact\">veuillez nous contacter.<\/a>[\/vc_column_text][\/vc_column][\/vc_row]\n","protected":false},"excerpt":{"rendered":"<p>[vc_row type=\u00a0\u00bbin_container\u00a0\u00bb full_screen_row_position=\u00a0\u00bbmiddle\u00a0\u00bb scene_position=\u00a0\u00bbcenter\u00a0\u00bb text_color=\u00a0\u00bbdark\u00a0\u00bb text_align=\u00a0\u00bbleft\u00a0\u00bb overlay_strength=\u00a0\u00bb0.3&Prime;][vc_column column_padding=\u00a0\u00bbno-extra-padding\u00a0\u00bb column_padding_position=\u00a0\u00bball\u00a0\u00bb background_color_opacity=\u00a0\u00bb1&Prime; background_hover_color_opacity=\u00a0\u00bb1&Prime; column_shadow=\u00a0\u00bbnone\u00a0\u00bb width=\u00a0\u00bb1\/1&Prime; tablet_text_alignment=\u00a0\u00bbdefault\u00a0\u00bb phone_text_alignment=\u00a0\u00bbdefault\u00a0\u00bb column_border_width=\u00a0\u00bbnone\u00a0\u00bb column_border_style=\u00a0\u00bbsolid\u00a0\u00bb][\/vc_column][\/vc_row][vc_row type=\u00a0\u00bbin_container\u00a0\u00bb full_screen_row_position=\u00a0\u00bbmiddle\u00a0\u00bb scene_position=\u00a0\u00bbcenter\u00a0\u00bb text_color=\u00a0\u00bbdark\u00a0\u00bb text_align=\u00a0\u00bbleft\u00a0\u00bb overlay_strength=\u00a0\u00bb0.3&Prime;][vc_column column_padding=\u00a0\u00bbno-extra-padding\u00a0\u00bb column_padding_position=\u00a0\u00bball\u00a0\u00bb background_color_opacity=\u00a0\u00bb1&Prime; background_hover_color_opacity=\u00a0\u00bb1&Prime; column_shadow=\u00a0\u00bbnone\u00a0\u00bb width=\u00a0\u00bb1\/1&Prime; tablet_text_alignment=\u00a0\u00bbdefault\u00a0\u00bb&#8230;<\/p>\n","protected":false},"author":1,"featured_media":0,"parent":0,"menu_order":0,"comment_status":"closed","ping_status":"closed","template":"","meta":{"footnotes":""},"class_list":["post-192","page","type-page","status-publish","hentry"],"yoast_head":"<!-- This site is optimized with the Yoast SEO plugin v26.7 - https:\/\/yoast.com\/wordpress\/plugins\/seo\/ -->\n<title>CARACT\u00c9RISTIQUES | ACTIVI-T BIZ<\/title>\n<meta name=\"description\" content=\"ACTIVI-T Client est le logiciel de gestion de la relation client\u00e8le id\u00e9al pour le suivi de vos clients et dossiers.\" \/>\n<meta name=\"robots\" content=\"index, follow, max-snippet:-1, max-image-preview:large, max-video-preview:-1\" \/>\n<link rel=\"canonical\" href=\"https:\/\/activi-tbiz.unittechnologies.com\/fr\/caracteristiques\" \/>\n<meta property=\"og:locale\" content=\"fr_FR\" \/>\n<meta property=\"og:type\" content=\"article\" \/>\n<meta property=\"og:title\" content=\"CARACT\u00c9RISTIQUES | ACTIVI-T BIZ\" \/>\n<meta property=\"og:description\" content=\"ACTIVI-T Client est le logiciel de gestion de la relation client\u00e8le id\u00e9al pour le suivi de vos clients et dossiers.\" \/>\n<meta property=\"og:url\" content=\"https:\/\/activi-tbiz.unittechnologies.com\/fr\/caracteristiques\" \/>\n<meta property=\"og:site_name\" content=\"ACTIVI-T BIZ\" \/>\n<meta property=\"article:modified_time\" content=\"2025-11-04T18:48:09+00:00\" \/>\n<meta name=\"twitter:card\" content=\"summary_large_image\" \/>\n<meta name=\"twitter:label1\" content=\"Dur\u00e9e de lecture estim\u00e9e\" \/>\n\t<meta name=\"twitter:data1\" content=\"2 minutes\" \/>\n<script type=\"application\/ld+json\" class=\"yoast-schema-graph\">{\"@context\":\"https:\/\/schema.org\",\"@graph\":[{\"@type\":\"WebPage\",\"@id\":\"https:\/\/activi-tbiz.unittechnologies.com\/fr\/caracteristiques\",\"url\":\"https:\/\/activi-tbiz.unittechnologies.com\/fr\/caracteristiques\",\"name\":\"CARACT\u00c9RISTIQUES | ACTIVI-T BIZ\",\"isPartOf\":{\"@id\":\"https:\/\/activi-tbiz.unittechnologies.com\/#website\"},\"datePublished\":\"2017-04-06T14:26:00+00:00\",\"dateModified\":\"2025-11-04T18:48:09+00:00\",\"description\":\"ACTIVI-T Client est le logiciel de gestion de la relation client\u00e8le id\u00e9al pour le suivi de vos clients et dossiers.\",\"breadcrumb\":{\"@id\":\"https:\/\/activi-tbiz.unittechnologies.com\/fr\/caracteristiques#breadcrumb\"},\"inLanguage\":\"fr-FR\",\"potentialAction\":[{\"@type\":\"ReadAction\",\"target\":[\"https:\/\/activi-tbiz.unittechnologies.com\/fr\/caracteristiques\"]}]},{\"@type\":\"BreadcrumbList\",\"@id\":\"https:\/\/activi-tbiz.unittechnologies.com\/fr\/caracteristiques#breadcrumb\",\"itemListElement\":[{\"@type\":\"ListItem\",\"position\":1,\"name\":\"Accueil\",\"item\":\"https:\/\/activi-tbiz.unittechnologies.com\/fr\"},{\"@type\":\"ListItem\",\"position\":2,\"name\":\"CARACT\u00c9RISTIQUES\"}]},{\"@type\":\"WebSite\",\"@id\":\"https:\/\/activi-tbiz.unittechnologies.com\/#website\",\"url\":\"https:\/\/activi-tbiz.unittechnologies.com\/\",\"name\":\"ACTIVI-T BIZ\",\"description\":\"\",\"publisher\":{\"@id\":\"https:\/\/activi-tbiz.unittechnologies.com\/#organization\"},\"potentialAction\":[{\"@type\":\"SearchAction\",\"target\":{\"@type\":\"EntryPoint\",\"urlTemplate\":\"https:\/\/activi-tbiz.unittechnologies.com\/?s={search_term_string}\"},\"query-input\":{\"@type\":\"PropertyValueSpecification\",\"valueRequired\":true,\"valueName\":\"search_term_string\"}}],\"inLanguage\":\"fr-FR\"},{\"@type\":\"Organization\",\"@id\":\"https:\/\/activi-tbiz.unittechnologies.com\/#organization\",\"name\":\"ACTIVI-T BIZ\",\"url\":\"https:\/\/activi-tbiz.unittechnologies.com\/\",\"logo\":{\"@type\":\"ImageObject\",\"inLanguage\":\"fr-FR\",\"@id\":\"https:\/\/activi-tbiz.unittechnologies.com\/#\/schema\/logo\/image\/\",\"url\":\"https:\/\/activi-tbiz.unittechnologies.com\/wp-content\/uploads\/2025\/10\/LogoBIZ-2.bmp\",\"contentUrl\":\"https:\/\/activi-tbiz.unittechnologies.com\/wp-content\/uploads\/2025\/10\/LogoBIZ-2.bmp\",\"width\":431,\"height\":70,\"caption\":\"ACTIVI-T BIZ\"},\"image\":{\"@id\":\"https:\/\/activi-tbiz.unittechnologies.com\/#\/schema\/logo\/image\/\"}}]}<\/script>\n<!-- \/ Yoast SEO plugin. -->","yoast_head_json":{"title":"CARACT\u00c9RISTIQUES | ACTIVI-T BIZ","description":"ACTIVI-T Client est le logiciel de gestion de la relation client\u00e8le id\u00e9al pour le suivi de vos clients et dossiers.","robots":{"index":"index","follow":"follow","max-snippet":"max-snippet:-1","max-image-preview":"max-image-preview:large","max-video-preview":"max-video-preview:-1"},"canonical":"https:\/\/activi-tbiz.unittechnologies.com\/fr\/caracteristiques","og_locale":"fr_FR","og_type":"article","og_title":"CARACT\u00c9RISTIQUES | ACTIVI-T BIZ","og_description":"ACTIVI-T Client est le logiciel de gestion de la relation client\u00e8le id\u00e9al pour le suivi de vos clients et dossiers.","og_url":"https:\/\/activi-tbiz.unittechnologies.com\/fr\/caracteristiques","og_site_name":"ACTIVI-T BIZ","article_modified_time":"2025-11-04T18:48:09+00:00","twitter_card":"summary_large_image","twitter_misc":{"Dur\u00e9e de lecture estim\u00e9e":"2 minutes"},"schema":{"@context":"https:\/\/schema.org","@graph":[{"@type":"WebPage","@id":"https:\/\/activi-tbiz.unittechnologies.com\/fr\/caracteristiques","url":"https:\/\/activi-tbiz.unittechnologies.com\/fr\/caracteristiques","name":"CARACT\u00c9RISTIQUES | ACTIVI-T BIZ","isPartOf":{"@id":"https:\/\/activi-tbiz.unittechnologies.com\/#website"},"datePublished":"2017-04-06T14:26:00+00:00","dateModified":"2025-11-04T18:48:09+00:00","description":"ACTIVI-T Client est le logiciel de gestion de la relation client\u00e8le id\u00e9al pour le suivi de vos clients et dossiers.","breadcrumb":{"@id":"https:\/\/activi-tbiz.unittechnologies.com\/fr\/caracteristiques#breadcrumb"},"inLanguage":"fr-FR","potentialAction":[{"@type":"ReadAction","target":["https:\/\/activi-tbiz.unittechnologies.com\/fr\/caracteristiques"]}]},{"@type":"BreadcrumbList","@id":"https:\/\/activi-tbiz.unittechnologies.com\/fr\/caracteristiques#breadcrumb","itemListElement":[{"@type":"ListItem","position":1,"name":"Accueil","item":"https:\/\/activi-tbiz.unittechnologies.com\/fr"},{"@type":"ListItem","position":2,"name":"CARACT\u00c9RISTIQUES"}]},{"@type":"WebSite","@id":"https:\/\/activi-tbiz.unittechnologies.com\/#website","url":"https:\/\/activi-tbiz.unittechnologies.com\/","name":"ACTIVI-T BIZ","description":"","publisher":{"@id":"https:\/\/activi-tbiz.unittechnologies.com\/#organization"},"potentialAction":[{"@type":"SearchAction","target":{"@type":"EntryPoint","urlTemplate":"https:\/\/activi-tbiz.unittechnologies.com\/?s={search_term_string}"},"query-input":{"@type":"PropertyValueSpecification","valueRequired":true,"valueName":"search_term_string"}}],"inLanguage":"fr-FR"},{"@type":"Organization","@id":"https:\/\/activi-tbiz.unittechnologies.com\/#organization","name":"ACTIVI-T BIZ","url":"https:\/\/activi-tbiz.unittechnologies.com\/","logo":{"@type":"ImageObject","inLanguage":"fr-FR","@id":"https:\/\/activi-tbiz.unittechnologies.com\/#\/schema\/logo\/image\/","url":"https:\/\/activi-tbiz.unittechnologies.com\/wp-content\/uploads\/2025\/10\/LogoBIZ-2.bmp","contentUrl":"https:\/\/activi-tbiz.unittechnologies.com\/wp-content\/uploads\/2025\/10\/LogoBIZ-2.bmp","width":431,"height":70,"caption":"ACTIVI-T BIZ"},"image":{"@id":"https:\/\/activi-tbiz.unittechnologies.com\/#\/schema\/logo\/image\/"}}]}},"_links":{"self":[{"href":"https:\/\/activi-tbiz.unittechnologies.com\/fr\/wp-json\/wp\/v2\/pages\/192","targetHints":{"allow":["GET"]}}],"collection":[{"href":"https:\/\/activi-tbiz.unittechnologies.com\/fr\/wp-json\/wp\/v2\/pages"}],"about":[{"href":"https:\/\/activi-tbiz.unittechnologies.com\/fr\/wp-json\/wp\/v2\/types\/page"}],"author":[{"embeddable":true,"href":"https:\/\/activi-tbiz.unittechnologies.com\/fr\/wp-json\/wp\/v2\/users\/1"}],"replies":[{"embeddable":true,"href":"https:\/\/activi-tbiz.unittechnologies.com\/fr\/wp-json\/wp\/v2\/comments?post=192"}],"version-history":[{"count":33,"href":"https:\/\/activi-tbiz.unittechnologies.com\/fr\/wp-json\/wp\/v2\/pages\/192\/revisions"}],"predecessor-version":[{"id":738,"href":"https:\/\/activi-tbiz.unittechnologies.com\/fr\/wp-json\/wp\/v2\/pages\/192\/revisions\/738"}],"wp:attachment":[{"href":"https:\/\/activi-tbiz.unittechnologies.com\/fr\/wp-json\/wp\/v2\/media?parent=192"}],"curies":[{"name":"wp","href":"https:\/\/api.w.org\/{rel}","templated":true}]}}