{"id":396,"date":"2017-09-06T21:28:28","date_gmt":"2017-09-06T21:28:28","guid":{"rendered":"https:\/\/activi-tclient.unittechnologies.com\/?page_id=396"},"modified":"2025-10-28T09:06:05","modified_gmt":"2025-10-28T13:06:05","slug":"agenda-multiple-usagers-collaboratif-gestion-des-rendez-vous-clientele-et-des-reservations","status":"publish","type":"page","link":"https:\/\/activi-tbiz.unittechnologies.com\/fr\/agenda-multiple-usagers-collaboratif-gestion-des-rendez-vous-clientele-et-des-reservations","title":{"rendered":"Agenda multiple usagers collaboratif, gestion des rendez-vous client\u00e8le et gestion des r\u00e9servations"},"content":{"rendered":"[vc_row type=\u00a0\u00bbin_container\u00a0\u00bb full_screen_row_position=\u00a0\u00bbmiddle\u00a0\u00bb scene_position=\u00a0\u00bbcenter\u00a0\u00bb text_color=\u00a0\u00bbdark\u00a0\u00bb text_align=\u00a0\u00bbleft\u00a0\u00bb overlay_strength=\u00a0\u00bb0.3&Prime;][vc_column column_padding=\u00a0\u00bbno-extra-padding\u00a0\u00bb column_padding_position=\u00a0\u00bball\u00a0\u00bb background_color_opacity=\u00a0\u00bb1&Prime; background_hover_color_opacity=\u00a0\u00bb1&Prime; column_shadow=\u00a0\u00bbnone\u00a0\u00bb width=\u00a0\u00bb1\/1&Prime; tablet_text_alignment=\u00a0\u00bbdefault\u00a0\u00bb phone_text_alignment=\u00a0\u00bbdefault\u00a0\u00bb column_border_width=\u00a0\u00bbnone\u00a0\u00bb column_border_style=\u00a0\u00bbsolid\u00a0\u00bb][vc_column_text]\n<h1 style=\"text-align: left;\"><span style=\"color: #7092be;\">Agenda multiple usagers collaboratif, gestion des rendez-vous client\u00e8le et gestion des r\u00e9servations (salles de conf\u00e9rence ou autres \u00e9quipements)<\/span><\/h1>\n[\/vc_column_text][\/vc_column][\/vc_row][vc_row type=\u00a0\u00bbin_container\u00a0\u00bb full_screen_row_position=\u00a0\u00bbmiddle\u00a0\u00bb scene_position=\u00a0\u00bbcenter\u00a0\u00bb text_color=\u00a0\u00bbdark\u00a0\u00bb text_align=\u00a0\u00bbleft\u00a0\u00bb overlay_strength=\u00a0\u00bb0.3&Prime;][vc_column column_padding=\u00a0\u00bbno-extra-padding\u00a0\u00bb column_padding_position=\u00a0\u00bball\u00a0\u00bb background_color_opacity=\u00a0\u00bb1&Prime; background_hover_color_opacity=\u00a0\u00bb1&Prime; column_shadow=\u00a0\u00bbnone\u00a0\u00bb width=\u00a0\u00bb1\/1&Prime; tablet_text_alignment=\u00a0\u00bbdefault\u00a0\u00bb phone_text_alignment=\u00a0\u00bbdefault\u00a0\u00bb column_border_width=\u00a0\u00bbnone\u00a0\u00bb column_border_style=\u00a0\u00bbsolid\u00a0\u00bb][vc_column_text]\n<ul>\n<li>\u00c9cran principal de l\u2019agenda<\/li>\n<li>Gestion de l\u2019agenda et des r\u00e9servations pour tous les employ\u00e9s<\/li>\n<li>Gestion des rendez-vous et des r\u00e9servations pour tous les clients<\/li>\n<\/ul>\n[\/vc_column_text][\/vc_column][\/vc_row][vc_row type=\u00a0\u00bbin_container\u00a0\u00bb full_screen_row_position=\u00a0\u00bbmiddle\u00a0\u00bb scene_position=\u00a0\u00bbcenter\u00a0\u00bb text_color=\u00a0\u00bbdark\u00a0\u00bb text_align=\u00a0\u00bbleft\u00a0\u00bb overlay_strength=\u00a0\u00bb0.3&Prime;][vc_column column_padding=\u00a0\u00bbno-extra-padding\u00a0\u00bb column_padding_position=\u00a0\u00bball\u00a0\u00bb background_color_opacity=\u00a0\u00bb1&Prime; background_hover_color_opacity=\u00a0\u00bb1&Prime; column_shadow=\u00a0\u00bbnone\u00a0\u00bb width=\u00a0\u00bb1\/1&Prime; tablet_text_alignment=\u00a0\u00bbdefault\u00a0\u00bb phone_text_alignment=\u00a0\u00bbdefault\u00a0\u00bb column_border_width=\u00a0\u00bbnone\u00a0\u00bb column_border_style=\u00a0\u00bbsolid\u00a0\u00bb]<div class=\"img-with-aniamtion-wrap \" data-max-width=\"100%\"><div class=\"inner\"><img loading=\"lazy\" decoding=\"async\" data-shadow=\"none\" data-shadow-direction=\"middle\" class=\"img-with-animation \" data-delay=\"0\" height=\"764\" width=\"775\" data-animation=\"fade-in\" src=\"https:\/\/activi-tbiz.unittechnologies.com\/wp-content\/uploads\/2025\/10\/SasieAgendaF.jpg\" srcset=\"https:\/\/activi-tbiz.unittechnologies.com\/wp-content\/uploads\/2025\/10\/SasieAgendaF.jpg 775w, https:\/\/activi-tbiz.unittechnologies.com\/wp-content\/uploads\/2025\/10\/SasieAgendaF-300x296.jpg 300w, https:\/\/activi-tbiz.unittechnologies.com\/wp-content\/uploads\/2025\/10\/SasieAgendaF-768x757.jpg 768w, https:\/\/activi-tbiz.unittechnologies.com\/wp-content\/uploads\/2025\/10\/SasieAgendaF-100x100.jpg 100w\" alt=\"\" \/><\/div><\/div>[\/vc_column][\/vc_row][vc_row type=\u00a0\u00bbin_container\u00a0\u00bb full_screen_row_position=\u00a0\u00bbmiddle\u00a0\u00bb scene_position=\u00a0\u00bbcenter\u00a0\u00bb text_color=\u00a0\u00bbdark\u00a0\u00bb text_align=\u00a0\u00bbleft\u00a0\u00bb overlay_strength=\u00a0\u00bb0.3&Prime;][vc_column column_padding=\u00a0\u00bbno-extra-padding\u00a0\u00bb column_padding_position=\u00a0\u00bball\u00a0\u00bb background_color_opacity=\u00a0\u00bb1&Prime; background_hover_color_opacity=\u00a0\u00bb1&Prime; column_shadow=\u00a0\u00bbnone\u00a0\u00bb width=\u00a0\u00bb1\/1&Prime; tablet_text_alignment=\u00a0\u00bbdefault\u00a0\u00bb phone_text_alignment=\u00a0\u00bbdefault\u00a0\u00bb column_border_width=\u00a0\u00bbnone\u00a0\u00bb column_border_style=\u00a0\u00bbsolid\u00a0\u00bb][vc_column_text]\n<ul>\n<li>\u00c9cran de saisie des rendez-vous et r\u00e9servations<\/li>\n<li>Acc\u00e8s \u00e0 tous les rendez-vous des employ\u00e9s<\/li>\n<li>Gestion des rendez-vous et des r\u00e9servations, Ajout, modification et retrait<\/li>\n<li>Module d\u2019invitation \u00e0 un rendez-vous avec gestion des disponibilit\u00e9s<\/li>\n<\/ul>\n[\/vc_column_text][\/vc_column][\/vc_row][vc_row type=\u00a0\u00bbin_container\u00a0\u00bb full_screen_row_position=\u00a0\u00bbmiddle\u00a0\u00bb scene_position=\u00a0\u00bbcenter\u00a0\u00bb text_color=\u00a0\u00bbdark\u00a0\u00bb text_align=\u00a0\u00bbleft\u00a0\u00bb overlay_strength=\u00a0\u00bb0.3&Prime;][vc_column column_padding=\u00a0\u00bbno-extra-padding\u00a0\u00bb column_padding_position=\u00a0\u00bball\u00a0\u00bb background_color_opacity=\u00a0\u00bb1&Prime; background_hover_color_opacity=\u00a0\u00bb1&Prime; column_shadow=\u00a0\u00bbnone\u00a0\u00bb width=\u00a0\u00bb1\/1&Prime; tablet_text_alignment=\u00a0\u00bbdefault\u00a0\u00bb phone_text_alignment=\u00a0\u00bbdefault\u00a0\u00bb column_border_width=\u00a0\u00bbnone\u00a0\u00bb column_border_style=\u00a0\u00bbsolid\u00a0\u00bb]<div class=\"img-with-aniamtion-wrap \" data-max-width=\"100%\"><div class=\"inner\"><img loading=\"lazy\" decoding=\"async\" data-shadow=\"none\" data-shadow-direction=\"middle\" class=\"img-with-animation \" data-delay=\"0\" height=\"579\" width=\"738\" data-animation=\"fade-in\" src=\"https:\/\/activi-tbiz.unittechnologies.com\/wp-content\/uploads\/2025\/10\/AgendaSemaineF.jpg\" srcset=\"https:\/\/activi-tbiz.unittechnologies.com\/wp-content\/uploads\/2025\/10\/AgendaSemaineF.jpg 738w, https:\/\/activi-tbiz.unittechnologies.com\/wp-content\/uploads\/2025\/10\/AgendaSemaineF-300x235.jpg 300w\" alt=\"\" \/><\/div><\/div>[\/vc_column][\/vc_row][vc_row type=\u00a0\u00bbin_container\u00a0\u00bb full_screen_row_position=\u00a0\u00bbmiddle\u00a0\u00bb scene_position=\u00a0\u00bbcenter\u00a0\u00bb text_color=\u00a0\u00bbdark\u00a0\u00bb text_align=\u00a0\u00bbleft\u00a0\u00bb overlay_strength=\u00a0\u00bb0.3&Prime;][vc_column column_padding=\u00a0\u00bbno-extra-padding\u00a0\u00bb column_padding_position=\u00a0\u00bball\u00a0\u00bb background_color_opacity=\u00a0\u00bb1&Prime; background_hover_color_opacity=\u00a0\u00bb1&Prime; column_shadow=\u00a0\u00bbnone\u00a0\u00bb width=\u00a0\u00bb1\/1&Prime; tablet_text_alignment=\u00a0\u00bbdefault\u00a0\u00bb phone_text_alignment=\u00a0\u00bbdefault\u00a0\u00bb column_border_width=\u00a0\u00bbnone\u00a0\u00bb column_border_style=\u00a0\u00bbsolid\u00a0\u00bb][vc_column_text]\n<ul>\n<li>\u00c9cran de visualisation hebdomadaire de l\u2019agenda \u2013 Calendrier hebdomadaire.<\/li>\n<li>Acc\u00e8s \u00e0 tous les rendez-vous ou r\u00e9servations<\/li>\n<\/ul>\n[\/vc_column_text][\/vc_column][\/vc_row][vc_row type=\u00a0\u00bbin_container\u00a0\u00bb full_screen_row_position=\u00a0\u00bbmiddle\u00a0\u00bb scene_position=\u00a0\u00bbcenter\u00a0\u00bb text_color=\u00a0\u00bbdark\u00a0\u00bb text_align=\u00a0\u00bbleft\u00a0\u00bb overlay_strength=\u00a0\u00bb0.3&Prime;][vc_column column_padding=\u00a0\u00bbno-extra-padding\u00a0\u00bb column_padding_position=\u00a0\u00bball\u00a0\u00bb background_color_opacity=\u00a0\u00bb1&Prime; background_hover_color_opacity=\u00a0\u00bb1&Prime; column_shadow=\u00a0\u00bbnone\u00a0\u00bb width=\u00a0\u00bb1\/1&Prime; tablet_text_alignment=\u00a0\u00bbdefault\u00a0\u00bb phone_text_alignment=\u00a0\u00bbdefault\u00a0\u00bb column_border_width=\u00a0\u00bbnone\u00a0\u00bb column_border_style=\u00a0\u00bbsolid\u00a0\u00bb]<div class=\"img-with-aniamtion-wrap \" data-max-width=\"100%\"><div class=\"inner\"><img loading=\"lazy\" decoding=\"async\" data-shadow=\"none\" data-shadow-direction=\"middle\" class=\"img-with-animation \" data-delay=\"0\" height=\"258\" width=\"848\" data-animation=\"fade-in\" src=\"https:\/\/activi-tbiz.unittechnologies.com\/wp-content\/uploads\/2025\/10\/AgendaRDJourneeF.jpg\" srcset=\"https:\/\/activi-tbiz.unittechnologies.com\/wp-content\/uploads\/2025\/10\/AgendaRDJourneeF.jpg 848w, https:\/\/activi-tbiz.unittechnologies.com\/wp-content\/uploads\/2025\/10\/AgendaRDJourneeF-300x91.jpg 300w, https:\/\/activi-tbiz.unittechnologies.com\/wp-content\/uploads\/2025\/10\/AgendaRDJourneeF-768x234.jpg 768w\" alt=\"\" \/><\/div><\/div>[\/vc_column][\/vc_row][vc_row type=\u00a0\u00bbin_container\u00a0\u00bb full_screen_row_position=\u00a0\u00bbmiddle\u00a0\u00bb scene_position=\u00a0\u00bbcenter\u00a0\u00bb text_color=\u00a0\u00bbdark\u00a0\u00bb text_align=\u00a0\u00bbleft\u00a0\u00bb overlay_strength=\u00a0\u00bb0.3&Prime;][vc_column column_padding=\u00a0\u00bbno-extra-padding\u00a0\u00bb column_padding_position=\u00a0\u00bball\u00a0\u00bb background_color_opacity=\u00a0\u00bb1&Prime; background_hover_color_opacity=\u00a0\u00bb1&Prime; column_shadow=\u00a0\u00bbnone\u00a0\u00bb width=\u00a0\u00bb1\/1&Prime; tablet_text_alignment=\u00a0\u00bbdefault\u00a0\u00bb phone_text_alignment=\u00a0\u00bbdefault\u00a0\u00bb column_border_width=\u00a0\u00bbnone\u00a0\u00bb column_border_style=\u00a0\u00bbsolid\u00a0\u00bb][vc_column_text]\n<ul>\n<li>\u00c9cran de visualisation du calendrier quotidien \u2013 Calendrier quotidien<\/li>\n<li>\u00c9cran de consultation des disponibilit\u00e9s des employ\u00e9s et des \u00e9quipements<\/li>\n<\/ul>\n[\/vc_column_text][\/vc_column][\/vc_row][vc_row type=\u00a0\u00bbin_container\u00a0\u00bb full_screen_row_position=\u00a0\u00bbmiddle\u00a0\u00bb scene_position=\u00a0\u00bbcenter\u00a0\u00bb text_color=\u00a0\u00bbdark\u00a0\u00bb text_align=\u00a0\u00bbleft\u00a0\u00bb overlay_strength=\u00a0\u00bb0.3&Prime;][vc_column column_padding=\u00a0\u00bbno-extra-padding\u00a0\u00bb column_padding_position=\u00a0\u00bball\u00a0\u00bb background_color_opacity=\u00a0\u00bb1&Prime; background_hover_color_opacity=\u00a0\u00bb1&Prime; column_shadow=\u00a0\u00bbnone\u00a0\u00bb width=\u00a0\u00bb1\/1&Prime; tablet_text_alignment=\u00a0\u00bbdefault\u00a0\u00bb phone_text_alignment=\u00a0\u00bbdefault\u00a0\u00bb column_border_width=\u00a0\u00bbnone\u00a0\u00bb column_border_style=\u00a0\u00bbsolid\u00a0\u00bb][nectar_btn size=\u00a0\u00bbsmall\u00a0\u00bb button_style=\u00a0\u00bbregular\u00a0\u00bb button_color_2=\u00a0\u00bbAccent-Color\u00a0\u00bb icon_family=\u00a0\u00bbnone\u00a0\u00bb url=\u00a0\u00bbhttps:\/\/activi-tbiz.unittechnologies.com\/fr\/caracteristiques\u00a0\u00bb text=\u00a0\u00bbRETOUR AUX CARACT\u00c9RISTIQUES\u00a0\u00bb][\/vc_column][\/vc_row]\n","protected":false},"excerpt":{"rendered":"<p>[vc_row type=\u00a0\u00bbin_container\u00a0\u00bb full_screen_row_position=\u00a0\u00bbmiddle\u00a0\u00bb scene_position=\u00a0\u00bbcenter\u00a0\u00bb text_color=\u00a0\u00bbdark\u00a0\u00bb text_align=\u00a0\u00bbleft\u00a0\u00bb overlay_strength=\u00a0\u00bb0.3&Prime;][vc_column column_padding=\u00a0\u00bbno-extra-padding\u00a0\u00bb column_padding_position=\u00a0\u00bball\u00a0\u00bb background_color_opacity=\u00a0\u00bb1&Prime; background_hover_color_opacity=\u00a0\u00bb1&Prime; column_shadow=\u00a0\u00bbnone\u00a0\u00bb width=\u00a0\u00bb1\/1&Prime; tablet_text_alignment=\u00a0\u00bbdefault\u00a0\u00bb phone_text_alignment=\u00a0\u00bbdefault\u00a0\u00bb column_border_width=\u00a0\u00bbnone\u00a0\u00bb column_border_style=\u00a0\u00bbsolid\u00a0\u00bb][vc_column_text] Agenda multiple usagers collaboratif, gestion des rendez-vous client\u00e8le et gestion des r\u00e9servations (salles&#8230;<\/p>\n","protected":false},"author":1,"featured_media":0,"parent":0,"menu_order":0,"comment_status":"closed","ping_status":"closed","template":"","meta":{"footnotes":""},"class_list":["post-396","page","type-page","status-publish","hentry"],"yoast_head":"<!-- This site is optimized with the Yoast SEO plugin v26.7 - https:\/\/yoast.com\/wordpress\/plugins\/seo\/ -->\n<title>Agenda multiple usagers collaboratif, gestion des rendez-vous client\u00e8le et gestion des r\u00e9servations | ACTIVI-T BIZ<\/title>\n<meta name=\"description\" content=\"ACTIVI-T Client est le logiciel de gestion de la relation client\u00e8le id\u00e9al pour le suivi de vos clients et dossiers.\" \/>\n<meta name=\"robots\" content=\"index, follow, max-snippet:-1, max-image-preview:large, max-video-preview:-1\" \/>\n<link rel=\"canonical\" href=\"https:\/\/activi-tbiz.unittechnologies.com\/fr\/agenda-multiple-usagers-collaboratif-gestion-des-rendez-vous-clientele-et-des-reservations\" \/>\n<meta property=\"og:locale\" content=\"fr_FR\" \/>\n<meta property=\"og:type\" content=\"article\" \/>\n<meta property=\"og:title\" content=\"Agenda multiple usagers collaboratif, gestion des rendez-vous client\u00e8le et gestion des r\u00e9servations | ACTIVI-T BIZ\" \/>\n<meta property=\"og:description\" content=\"ACTIVI-T Client est le logiciel de gestion de la relation client\u00e8le id\u00e9al pour le suivi de vos clients et dossiers.\" \/>\n<meta property=\"og:url\" content=\"https:\/\/activi-tbiz.unittechnologies.com\/fr\/agenda-multiple-usagers-collaboratif-gestion-des-rendez-vous-clientele-et-des-reservations\" \/>\n<meta property=\"og:site_name\" content=\"ACTIVI-T BIZ\" \/>\n<meta property=\"article:modified_time\" content=\"2025-10-28T13:06:05+00:00\" \/>\n<meta name=\"twitter:card\" content=\"summary_large_image\" \/>\n<meta name=\"twitter:label1\" content=\"Dur\u00e9e de lecture estim\u00e9e\" \/>\n\t<meta name=\"twitter:data1\" content=\"2 minutes\" \/>\n<script type=\"application\/ld+json\" class=\"yoast-schema-graph\">{\"@context\":\"https:\/\/schema.org\",\"@graph\":[{\"@type\":\"WebPage\",\"@id\":\"https:\/\/activi-tbiz.unittechnologies.com\/fr\/agenda-multiple-usagers-collaboratif-gestion-des-rendez-vous-clientele-et-des-reservations\",\"url\":\"https:\/\/activi-tbiz.unittechnologies.com\/fr\/agenda-multiple-usagers-collaboratif-gestion-des-rendez-vous-clientele-et-des-reservations\",\"name\":\"Agenda multiple usagers collaboratif, gestion des rendez-vous client\u00e8le et gestion des r\u00e9servations | ACTIVI-T BIZ\",\"isPartOf\":{\"@id\":\"https:\/\/activi-tbiz.unittechnologies.com\/#website\"},\"datePublished\":\"2017-09-06T21:28:28+00:00\",\"dateModified\":\"2025-10-28T13:06:05+00:00\",\"description\":\"ACTIVI-T Client est le logiciel de gestion de la relation client\u00e8le id\u00e9al pour le suivi de vos clients et dossiers.\",\"breadcrumb\":{\"@id\":\"https:\/\/activi-tbiz.unittechnologies.com\/fr\/agenda-multiple-usagers-collaboratif-gestion-des-rendez-vous-clientele-et-des-reservations#breadcrumb\"},\"inLanguage\":\"fr-FR\",\"potentialAction\":[{\"@type\":\"ReadAction\",\"target\":[\"https:\/\/activi-tbiz.unittechnologies.com\/fr\/agenda-multiple-usagers-collaboratif-gestion-des-rendez-vous-clientele-et-des-reservations\"]}]},{\"@type\":\"BreadcrumbList\",\"@id\":\"https:\/\/activi-tbiz.unittechnologies.com\/fr\/agenda-multiple-usagers-collaboratif-gestion-des-rendez-vous-clientele-et-des-reservations#breadcrumb\",\"itemListElement\":[{\"@type\":\"ListItem\",\"position\":1,\"name\":\"Accueil\",\"item\":\"https:\/\/activi-tbiz.unittechnologies.com\/fr\"},{\"@type\":\"ListItem\",\"position\":2,\"name\":\"Agenda multiple usagers collaboratif, gestion des rendez-vous client\u00e8le et gestion des r\u00e9servations\"}]},{\"@type\":\"WebSite\",\"@id\":\"https:\/\/activi-tbiz.unittechnologies.com\/#website\",\"url\":\"https:\/\/activi-tbiz.unittechnologies.com\/\",\"name\":\"ACTIVI-T BIZ\",\"description\":\"\",\"publisher\":{\"@id\":\"https:\/\/activi-tbiz.unittechnologies.com\/#organization\"},\"potentialAction\":[{\"@type\":\"SearchAction\",\"target\":{\"@type\":\"EntryPoint\",\"urlTemplate\":\"https:\/\/activi-tbiz.unittechnologies.com\/?s={search_term_string}\"},\"query-input\":{\"@type\":\"PropertyValueSpecification\",\"valueRequired\":true,\"valueName\":\"search_term_string\"}}],\"inLanguage\":\"fr-FR\"},{\"@type\":\"Organization\",\"@id\":\"https:\/\/activi-tbiz.unittechnologies.com\/#organization\",\"name\":\"ACTIVI-T BIZ\",\"url\":\"https:\/\/activi-tbiz.unittechnologies.com\/\",\"logo\":{\"@type\":\"ImageObject\",\"inLanguage\":\"fr-FR\",\"@id\":\"https:\/\/activi-tbiz.unittechnologies.com\/#\/schema\/logo\/image\/\",\"url\":\"https:\/\/activi-tbiz.unittechnologies.com\/wp-content\/uploads\/2025\/10\/LogoBIZ-2.bmp\",\"contentUrl\":\"https:\/\/activi-tbiz.unittechnologies.com\/wp-content\/uploads\/2025\/10\/LogoBIZ-2.bmp\",\"width\":431,\"height\":70,\"caption\":\"ACTIVI-T BIZ\"},\"image\":{\"@id\":\"https:\/\/activi-tbiz.unittechnologies.com\/#\/schema\/logo\/image\/\"}}]}<\/script>\n<!-- \/ Yoast SEO plugin. -->","yoast_head_json":{"title":"Agenda multiple usagers collaboratif, gestion des rendez-vous client\u00e8le et gestion des r\u00e9servations | ACTIVI-T BIZ","description":"ACTIVI-T Client est le logiciel de gestion de la relation client\u00e8le id\u00e9al pour le suivi de vos clients et dossiers.","robots":{"index":"index","follow":"follow","max-snippet":"max-snippet:-1","max-image-preview":"max-image-preview:large","max-video-preview":"max-video-preview:-1"},"canonical":"https:\/\/activi-tbiz.unittechnologies.com\/fr\/agenda-multiple-usagers-collaboratif-gestion-des-rendez-vous-clientele-et-des-reservations","og_locale":"fr_FR","og_type":"article","og_title":"Agenda multiple usagers collaboratif, gestion des rendez-vous client\u00e8le et gestion des r\u00e9servations | ACTIVI-T BIZ","og_description":"ACTIVI-T Client est le logiciel de gestion de la relation client\u00e8le id\u00e9al pour le suivi de vos clients et dossiers.","og_url":"https:\/\/activi-tbiz.unittechnologies.com\/fr\/agenda-multiple-usagers-collaboratif-gestion-des-rendez-vous-clientele-et-des-reservations","og_site_name":"ACTIVI-T BIZ","article_modified_time":"2025-10-28T13:06:05+00:00","twitter_card":"summary_large_image","twitter_misc":{"Dur\u00e9e de lecture estim\u00e9e":"2 minutes"},"schema":{"@context":"https:\/\/schema.org","@graph":[{"@type":"WebPage","@id":"https:\/\/activi-tbiz.unittechnologies.com\/fr\/agenda-multiple-usagers-collaboratif-gestion-des-rendez-vous-clientele-et-des-reservations","url":"https:\/\/activi-tbiz.unittechnologies.com\/fr\/agenda-multiple-usagers-collaboratif-gestion-des-rendez-vous-clientele-et-des-reservations","name":"Agenda multiple usagers collaboratif, gestion des rendez-vous client\u00e8le et gestion des r\u00e9servations | ACTIVI-T BIZ","isPartOf":{"@id":"https:\/\/activi-tbiz.unittechnologies.com\/#website"},"datePublished":"2017-09-06T21:28:28+00:00","dateModified":"2025-10-28T13:06:05+00:00","description":"ACTIVI-T Client est le logiciel de gestion de la relation client\u00e8le id\u00e9al pour le suivi de vos clients et dossiers.","breadcrumb":{"@id":"https:\/\/activi-tbiz.unittechnologies.com\/fr\/agenda-multiple-usagers-collaboratif-gestion-des-rendez-vous-clientele-et-des-reservations#breadcrumb"},"inLanguage":"fr-FR","potentialAction":[{"@type":"ReadAction","target":["https:\/\/activi-tbiz.unittechnologies.com\/fr\/agenda-multiple-usagers-collaboratif-gestion-des-rendez-vous-clientele-et-des-reservations"]}]},{"@type":"BreadcrumbList","@id":"https:\/\/activi-tbiz.unittechnologies.com\/fr\/agenda-multiple-usagers-collaboratif-gestion-des-rendez-vous-clientele-et-des-reservations#breadcrumb","itemListElement":[{"@type":"ListItem","position":1,"name":"Accueil","item":"https:\/\/activi-tbiz.unittechnologies.com\/fr"},{"@type":"ListItem","position":2,"name":"Agenda multiple usagers collaboratif, gestion des rendez-vous client\u00e8le et gestion des r\u00e9servations"}]},{"@type":"WebSite","@id":"https:\/\/activi-tbiz.unittechnologies.com\/#website","url":"https:\/\/activi-tbiz.unittechnologies.com\/","name":"ACTIVI-T BIZ","description":"","publisher":{"@id":"https:\/\/activi-tbiz.unittechnologies.com\/#organization"},"potentialAction":[{"@type":"SearchAction","target":{"@type":"EntryPoint","urlTemplate":"https:\/\/activi-tbiz.unittechnologies.com\/?s={search_term_string}"},"query-input":{"@type":"PropertyValueSpecification","valueRequired":true,"valueName":"search_term_string"}}],"inLanguage":"fr-FR"},{"@type":"Organization","@id":"https:\/\/activi-tbiz.unittechnologies.com\/#organization","name":"ACTIVI-T BIZ","url":"https:\/\/activi-tbiz.unittechnologies.com\/","logo":{"@type":"ImageObject","inLanguage":"fr-FR","@id":"https:\/\/activi-tbiz.unittechnologies.com\/#\/schema\/logo\/image\/","url":"https:\/\/activi-tbiz.unittechnologies.com\/wp-content\/uploads\/2025\/10\/LogoBIZ-2.bmp","contentUrl":"https:\/\/activi-tbiz.unittechnologies.com\/wp-content\/uploads\/2025\/10\/LogoBIZ-2.bmp","width":431,"height":70,"caption":"ACTIVI-T BIZ"},"image":{"@id":"https:\/\/activi-tbiz.unittechnologies.com\/#\/schema\/logo\/image\/"}}]}},"_links":{"self":[{"href":"https:\/\/activi-tbiz.unittechnologies.com\/fr\/wp-json\/wp\/v2\/pages\/396","targetHints":{"allow":["GET"]}}],"collection":[{"href":"https:\/\/activi-tbiz.unittechnologies.com\/fr\/wp-json\/wp\/v2\/pages"}],"about":[{"href":"https:\/\/activi-tbiz.unittechnologies.com\/fr\/wp-json\/wp\/v2\/types\/page"}],"author":[{"embeddable":true,"href":"https:\/\/activi-tbiz.unittechnologies.com\/fr\/wp-json\/wp\/v2\/users\/1"}],"replies":[{"embeddable":true,"href":"https:\/\/activi-tbiz.unittechnologies.com\/fr\/wp-json\/wp\/v2\/comments?post=396"}],"version-history":[{"count":11,"href":"https:\/\/activi-tbiz.unittechnologies.com\/fr\/wp-json\/wp\/v2\/pages\/396\/revisions"}],"predecessor-version":[{"id":701,"href":"https:\/\/activi-tbiz.unittechnologies.com\/fr\/wp-json\/wp\/v2\/pages\/396\/revisions\/701"}],"wp:attachment":[{"href":"https:\/\/activi-tbiz.unittechnologies.com\/fr\/wp-json\/wp\/v2\/media?parent=396"}],"curies":[{"name":"wp","href":"https:\/\/api.w.org\/{rel}","templated":true}]}}